{"id":2,"date":"2019-08-25T13:51:43","date_gmt":"2019-08-25T13:51:43","guid":{"rendered":"https:\/\/www.eressea.de\/wp\/?page_id=2"},"modified":"2024-07-21T08:13:36","modified_gmt":"2024-07-21T08:13:36","slug":"sample-page","status":"publish","type":"page","link":"https:\/\/www.eressea.de\/","title":{"rendered":"Willkommen auf Eressea"},"content":{"rendered":"\n<div class=\"wp-block-image\"><figure class=\"aligncenter size-full\"><img loading=\"lazy\" decoding=\"async\" width=\"800\" height=\"300\" src=\"https:\/\/www.eressea.de\/content\/uploads\/2022\/04\/csmap800x300.png\" alt=\"\" class=\"wp-image-84\" srcset=\"https:\/\/www.eressea.de:443\/content\/uploads\/2022\/04\/csmap800x300.png 800w, https:\/\/www.eressea.de:443\/content\/uploads\/2022\/04\/csmap800x300-300x113.png 300w, https:\/\/www.eressea.de:443\/content\/uploads\/2022\/04\/csmap800x300-768x288.png 768w\" sizes=\"auto, (max-width: 800px) 100vw, 800px\" \/><\/figure><\/div>\n\n\n\n<p class=\"has-drop-cap has-text-align-left\">In der Welt von Eressea ringen die Mitspieler um die wirtschaftliche und milit\u00e4rische Vorherrschaft in einer prinzipiell unbegrenzt gro\u00dfen Welt aus Inseln, die in Regionen unterteilt sind. Dazu werden Einheiten rekrutiert und in unterschiedlichen Talenten (wie z.B. Holzf\u00e4llen, Segeln, Magie oder Bogenschie\u00dfen) ausgebildet.<\/p>\n\n\n\n<p class=\"has-text-align-left\">Eressea ist ein Postspiel, oder PBEM. Das bedeutet, dass Du nicht zu einer festgelegten Zeit mit anderen zum Spielen zusammentreffen musst, sondern jederzeit unter der Woche spielen kannst. Das gesamte Spiel l\u00e4uft \u00fcber den Austausch von Mails ab, unter der Woche zwischen Nachbarn und Verb\u00fcndeten, und einmal w\u00f6chentlich mit einer Mail an den Server. Eine Mittagspause, Freistunde, Zugfahrt oder Wartezeit beim Amt wird so ganz leicht zu Eressea-Zeit.<\/p>\n\n\n\n<p>Im Gegensatz zu vielen anderen Postspielen gibt es bei Eressea kein vorgegebenes Spielziel. Das Spiel l\u00e4uft unbegrenzt lange, neue Spieler k\u00f6nnen jederzeit einsteigen. Derzeit sind es mehrere hundert Spieler in Deutschland und der ganzen Welt, die teilweise seit mehr als 25 Jahren aktiv sind.<\/p>\n\n\n\n<p>Mitmachen kostet nichts. Eressea ist gratis, und wird von der Spielleitung in ihrer Freizeit entwickelt und betrieben.<\/p>\n","protected":false},"excerpt":{"rendered":"<p>In der Welt von Eressea ringen die Mitspieler um die wirtschaftliche und milit\u00e4rische Vorherrschaft in einer prinzipiell unbegrenzt gro\u00dfen Welt aus Inseln, die in Regionen unterteilt sind. Dazu werden Einheiten rekrutiert und in unterschiedlichen Talenten (wie z.B. Holzf\u00e4llen, Segeln, Magie oder Bogenschie\u00dfen) ausgebildet. Eressea ist ein Postspiel, oder PBEM. Das bedeutet, dass Du nicht zu&hellip; <a class=\"more-link\" href=\"https:\/\/www.eressea.de\/\">Weiterlesen <span class=\"screen-reader-text\">Willkommen auf Eressea<\/span> <span class=\"meta-nav\" aria-hidden=\"true\">&rarr;<\/span><\/a><\/p>\n","protected":false},"author":1,"featured_media":0,"parent":0,"menu_order":0,"comment_status":"closed","ping_status":"closed","template":"","meta":{"footnotes":""},"class_list":["post-2","page","type-page","status-publish","hentry"],"_links":{"self":[{"href":"https:\/\/www.eressea.de\/index.php?rest_route=\/wp\/v2\/pages\/2","targetHints":{"allow":["GET"]}}],"collection":[{"href":"https:\/\/www.eressea.de\/index.php?rest_route=\/wp\/v2\/pages"}],"about":[{"href":"https:\/\/www.eressea.de\/index.php?rest_route=\/wp\/v2\/types\/page"}],"author":[{"embeddable":true,"href":"https:\/\/www.eressea.de\/index.php?rest_route=\/wp\/v2\/users\/1"}],"replies":[{"embeddable":true,"href":"https:\/\/www.eressea.de\/index.php?rest_route=%2Fwp%2Fv2%2Fcomments&post=2"}],"version-history":[{"count":6,"href":"https:\/\/www.eressea.de\/index.php?rest_route=\/wp\/v2\/pages\/2\/revisions"}],"predecessor-version":[{"id":87,"href":"https:\/\/www.eressea.de\/index.php?rest_route=\/wp\/v2\/pages\/2\/revisions\/87"}],"wp:attachment":[{"href":"https:\/\/www.eressea.de\/index.php?rest_route=%2Fwp%2Fv2%2Fmedia&parent=2"}],"curies":[{"name":"wp","href":"https:\/\/api.w.org\/{rel}","templated":true}]}}