{"id":144,"date":"2022-05-17T12:17:03","date_gmt":"2022-05-17T12:17:03","guid":{"rendered":"https:\/\/www.eressea.de\/?page_id=144"},"modified":"2023-01-05T13:52:59","modified_gmt":"2023-01-05T13:52:59","slug":"erste-schritte","status":"publish","type":"page","link":"https:\/\/www.eressea.de\/?page_id=144","title":{"rendered":"Erste Schritte"},"content":{"rendered":"\n<p>Du kannst zu jedem Zeitpunkt in das laufende Spiel einsteigen, und wirst in einer Region der Welt ausgesetzt, wo \u00e4hnlich alte Parteien leben, so dass der Zeitpunkt des Starts deiner Partei nach M\u00f6glichkeit keine Vor- oder Nachteile schafft.<\/p>\n\n\n\n<p>Um bei Eressea einzusteigen, empfehlen wir, das du dich zuerst mit der <a href=\"https:\/\/wiki.eressea.de\/\">Anleitung<\/a> vertraut machst. Du musst nicht jede Regel gelesen haben, aber die wichtigsten Talente und Befehle zu verstehen und eine grobe Idee zu haben, wie deine Partei w\u00e4chst und wirtschaftet, hilft auf jeden Fall dabei, die Rasse deines Volkes zu bestimmen, und den ersten Zug nach Erhalt des Reports zu schreiben.<\/p>\n\n\n\n<p>Die Wahl der Rasse ist unver\u00e4nderlich, und entscheidend daf\u00fcr, wie sich dein Spiel gestaltet. Sobald du wei\u00dft, welche du spielen m\u00f6chtest, kannst du dich <a href=\"https:\/\/www.eressea.de\/?page_id=186\" data-type=\"page\" data-id=\"186\">anmelden<\/a>, und bekommst im Laufe der n\u00e4chsten Wochen einen ersten Report. <\/p>\n","protected":false},"excerpt":{"rendered":"<p>Du kannst zu jedem Zeitpunkt in das laufende Spiel einsteigen, und wirst in einer Region der Welt ausgesetzt, wo \u00e4hnlich alte Parteien leben, so dass der Zeitpunkt des Starts deiner Partei nach M\u00f6glichkeit keine Vor- oder Nachteile schafft. Um bei Eressea einzusteigen, empfehlen wir, das du dich zuerst mit der Anleitung vertraut machst. Du musst&hellip; <a class=\"more-link\" href=\"https:\/\/www.eressea.de\/?page_id=144\">Weiterlesen <span class=\"screen-reader-text\">Erste Schritte<\/span> <span class=\"meta-nav\" aria-hidden=\"true\">&rarr;<\/span><\/a><\/p>\n","protected":false},"author":1,"featured_media":0,"parent":0,"menu_order":0,"comment_status":"closed","ping_status":"closed","template":"","meta":{"footnotes":""},"class_list":["post-144","page","type-page","status-publish","hentry"],"_links":{"self":[{"href":"https:\/\/www.eressea.de\/index.php?rest_route=\/wp\/v2\/pages\/144","targetHints":{"allow":["GET"]}}],"collection":[{"href":"https:\/\/www.eressea.de\/index.php?rest_route=\/wp\/v2\/pages"}],"about":[{"href":"https:\/\/www.eressea.de\/index.php?rest_route=\/wp\/v2\/types\/page"}],"author":[{"embeddable":true,"href":"https:\/\/www.eressea.de\/index.php?rest_route=\/wp\/v2\/users\/1"}],"replies":[{"embeddable":true,"href":"https:\/\/www.eressea.de\/index.php?rest_route=%2Fwp%2Fv2%2Fcomments&post=144"}],"version-history":[{"count":5,"href":"https:\/\/www.eressea.de\/index.php?rest_route=\/wp\/v2\/pages\/144\/revisions"}],"predecessor-version":[{"id":241,"href":"https:\/\/www.eressea.de\/index.php?rest_route=\/wp\/v2\/pages\/144\/revisions\/241"}],"wp:attachment":[{"href":"https:\/\/www.eressea.de\/index.php?rest_route=%2Fwp%2Fv2%2Fmedia&parent=144"}],"curies":[{"name":"wp","href":"https:\/\/api.w.org\/{rel}","templated":true}]}}