{"id":121,"date":"2022-05-17T07:51:41","date_gmt":"2022-05-17T07:51:41","guid":{"rendered":"https:\/\/www.eressea.de\/?page_id=121"},"modified":"2022-05-17T13:45:02","modified_gmt":"2022-05-17T13:45:02","slug":"downloads","status":"publish","type":"page","link":"https:\/\/www.eressea.de\/?page_id=121","title":{"rendered":"Werkzeuge"},"content":{"rendered":"\n<p>Auch wenn Eressea prinzipiell mit einem Texteditor gespielt werden kann, haben sich im Laufe der Zeit Hilfsprogramme etabliert, die grafische Karten darstellen, und die \u00dcbersicht \u00fcber den eigenen Report vereinfachen. Diese Programme verwenden den Computerreport (CR).<\/p>\n\n\n\n<h2 class=\"wp-block-heading\">Magellan<\/h2>\n\n\n\n<p>Das am weitesten verbreitete Programm ist Magellan. Man kann damit seine Karte anzeigen, suchen, Befehle geben \u2026 und \u00fcberhaupt braucht man das Programm fast nur noch zu verlassen, um Mails an die Verb\u00fcndeten zu schreiben. Magellan ist eine Java-Anwendung, und damit auf g\u00e4ngigen Desktop-Betriebssystemen wie Windows, Linux und auch MacOS gleicherma\u00dfen lauff\u00e4hig.<\/p>\n\n\n\n<ul class=\"wp-block-list\"><li><a href=\"https:\/\/magellan.narabi.de\">Zur Homepage von Magellan<\/a><\/li><\/ul>\n\n\n\n<figure class=\"wp-block-image size-large\"><img loading=\"lazy\" decoding=\"async\" width=\"1024\" height=\"790\" src=\"https:\/\/www.eressea.de\/content\/uploads\/2022\/05\/magellan2-1024x790.png\" alt=\"\" class=\"wp-image-122\" srcset=\"https:\/\/www.eressea.de:443\/content\/uploads\/2022\/05\/magellan2-1024x790.png 1024w, https:\/\/www.eressea.de:443\/content\/uploads\/2022\/05\/magellan2-300x232.png 300w, https:\/\/www.eressea.de:443\/content\/uploads\/2022\/05\/magellan2-768x593.png 768w, https:\/\/www.eressea.de:443\/content\/uploads\/2022\/05\/magellan2-1088x840.png 1088w, https:\/\/www.eressea.de:443\/content\/uploads\/2022\/05\/magellan2.png 1280w\" sizes=\"auto, (max-width: 1024px) 100vw, 1024px\" \/><figcaption>Screenshot von Magellan unter Windows XP<\/figcaption><\/figure>\n\n\n\n<h2 class=\"wp-block-heading\">CsMapFX<\/h2>\n\n\n\n<p>Ein \u00e4hnliches Prinzip liegt dem Coast &#8217;n Sea Mapper zu Grunde. Verf\u00fcgbar im Quellcode oder als native App f\u00fcr Linux und Windows hat es etwas weniger Features als Magellan, ist daf\u00fcr aber in vielen Bereichen schneller und hat geringere Systemanforderungen.<\/p>\n\n\n\n<ul class=\"wp-block-list\"><li>Die aktuelle Version f\u00fcr Windows befindet sich <a href=\"https:\/\/www.eressea.kn-bremen.de\/downloads\/csmapinst.exe\">hier<\/a>.<\/li><li>Ein Paket f\u00fcr Debian Linux kann von <a href=\"https:\/\/packagecloud.io\/enno\/eressea\">packagecloud<\/a> installiert werden.<\/li><li>Der Quellcode zum selber kompilieren auf anderen Systemen ist in diesem <a href=\"https:\/\/github.com\/ennorehling\/csmapfx\">Github Projekt<\/a>.<\/li><\/ul>\n\n\n\n<figure class=\"wp-block-image size-large\"><img loading=\"lazy\" decoding=\"async\" width=\"1024\" height=\"676\" src=\"https:\/\/www.eressea.de\/content\/uploads\/2022\/05\/2022-05-17-09_21_22-CoastnSea-Mapper-1264-enno.cr_-1024x676.png\" alt=\"\" class=\"wp-image-123\" srcset=\"https:\/\/www.eressea.de:443\/content\/uploads\/2022\/05\/2022-05-17-09_21_22-CoastnSea-Mapper-1264-enno.cr_-1024x676.png 1024w, https:\/\/www.eressea.de:443\/content\/uploads\/2022\/05\/2022-05-17-09_21_22-CoastnSea-Mapper-1264-enno.cr_-300x198.png 300w, https:\/\/www.eressea.de:443\/content\/uploads\/2022\/05\/2022-05-17-09_21_22-CoastnSea-Mapper-1264-enno.cr_-768x507.png 768w, https:\/\/www.eressea.de:443\/content\/uploads\/2022\/05\/2022-05-17-09_21_22-CoastnSea-Mapper-1264-enno.cr_-1088x718.png 1088w, https:\/\/www.eressea.de:443\/content\/uploads\/2022\/05\/2022-05-17-09_21_22-CoastnSea-Mapper-1264-enno.cr_.png 1219w\" sizes=\"auto, (max-width: 1024px) 100vw, 1024px\" \/><figcaption>Screenshot von CsMap unter Windows 11<\/figcaption><\/figure>\n\n\n\n<h2 class=\"wp-block-heading\">ECheck<\/h2>\n\n\n\n<p>Das \u00e4lteste unter den Hilfsprogrammen pr\u00fcft die Syntax der Befehle, und kann au\u00dfer der syntaktischen Korrektheit auch andere h\u00e4ufige Fehler entdecken. Eine Version von ECheck wird auch beim Empfang der Befehle auf dem Server ausgef\u00fchrt, und eventuelle Fehler und Warnungen stehen in der Antwortmail, aber es spart Wartezeit, das Programm auf dem eigenen Rechner ausf\u00fchren zu k\u00f6nnen.<\/p>\n\n\n\n<ul class=\"wp-block-list\"><li>Die aktuelle Version f\u00fcr Windows befindet sich <a href=\"https:\/\/www.eressea.kn-bremen.de\/downloads\/echeckinst.exe\">hier<\/a>.<\/li><li>Ein Paket f\u00fcr Debian Linux kann von <a href=\"https:\/\/packagecloud.io\/enno\/eressea\">packagecloud<\/a> installiert werden.<\/li><li>Der Quellcode zum selber kompilieren auf anderen Systemen ist in diesem <a href=\"https:\/\/github.com\/eressea\/echeck\">Github Projekt<\/a>.<\/li><\/ul>\n\n\n\n<h2 class=\"wp-block-heading\">Vorlage<\/h2>\n\n\n\n<p>Vorlage ist ein Tool zur Erstellung einer Zugvorlage, vor allem f\u00fcr Puristen, die ihre Befehle mit einem Texteditor machen. Die von diesem Programm erstellte Zugvorlage enth\u00e4lt erweiterte Informationen gegen\u00fcber der Standardvorlage und macht h\u00e4ufiges Nachschlagen im normalen Report \u00fcberfl\u00fcssig. Des weiteren wertet das Programm Metabefehle aus, die es erm\u00f6glichen, Vorg\u00e4nge zu automatisieren.<\/p>\n\n\n\n<ul class=\"wp-block-list\"><li><a href=\"https:\/\/gulrak.de\/pbemtools\/\">Zur Homepage von Gulraks PBEM Tools<\/a>.<\/li><\/ul>\n","protected":false},"excerpt":{"rendered":"<p>Auch wenn Eressea prinzipiell mit einem Texteditor gespielt werden kann, haben sich im Laufe der Zeit Hilfsprogramme etabliert, die grafische Karten darstellen, und die \u00dcbersicht \u00fcber den eigenen Report vereinfachen. Diese Programme verwenden den Computerreport (CR). Magellan Das am weitesten verbreitete Programm ist Magellan. Man kann damit seine Karte anzeigen, suchen, Befehle geben \u2026 und&hellip; <a class=\"more-link\" href=\"https:\/\/www.eressea.de\/?page_id=121\">Weiterlesen <span class=\"screen-reader-text\">Werkzeuge<\/span> <span class=\"meta-nav\" aria-hidden=\"true\">&rarr;<\/span><\/a><\/p>\n","protected":false},"author":1,"featured_media":0,"parent":0,"menu_order":0,"comment_status":"closed","ping_status":"closed","template":"","meta":{"footnotes":""},"class_list":["post-121","page","type-page","status-publish","hentry"],"_links":{"self":[{"href":"https:\/\/www.eressea.de\/index.php?rest_route=\/wp\/v2\/pages\/121","targetHints":{"allow":["GET"]}}],"collection":[{"href":"https:\/\/www.eressea.de\/index.php?rest_route=\/wp\/v2\/pages"}],"about":[{"href":"https:\/\/www.eressea.de\/index.php?rest_route=\/wp\/v2\/types\/page"}],"author":[{"embeddable":true,"href":"https:\/\/www.eressea.de\/index.php?rest_route=\/wp\/v2\/users\/1"}],"replies":[{"embeddable":true,"href":"https:\/\/www.eressea.de\/index.php?rest_route=%2Fwp%2Fv2%2Fcomments&post=121"}],"version-history":[{"count":4,"href":"https:\/\/www.eressea.de\/index.php?rest_route=\/wp\/v2\/pages\/121\/revisions"}],"predecessor-version":[{"id":156,"href":"https:\/\/www.eressea.de\/index.php?rest_route=\/wp\/v2\/pages\/121\/revisions\/156"}],"wp:attachment":[{"href":"https:\/\/www.eressea.de\/index.php?rest_route=%2Fwp%2Fv2%2Fmedia&parent=121"}],"curies":[{"name":"wp","href":"https:\/\/api.w.org\/{rel}","templated":true}]}}